{"id":3,"date":"2021-02-01T11:48:28","date_gmt":"2021-02-01T10:48:28","guid":{"rendered":"http:\/\/www.lacremaillerealpedhuez.com\/?page_id=3"},"modified":"2021-05-11T16:37:55","modified_gmt":"2021-05-11T14:37:55","slug":"politique-de-confidentialite","status":"publish","type":"page","link":"http:\/\/www.lacremaillerealpedhuez.com\/en\/politique-de-confidentialite\/","title":{"rendered":"Politique de confidentialit\u00e9"},"content":{"rendered":"<div data-elementor-type=\"wp-page\" data-elementor-id=\"3\" class=\"elementor elementor-3\" data-elementor-settings=\"[]\">\n\t\t\t\t\t\t\t<div class=\"elementor-section-wrap\">\n\t\t\t\t\t\t\t<section class=\"elementor-section elementor-top-section elementor-element elementor-element-4fc1bbee elementor-section-boxed elementor-section-height-default elementor-section-height-default\" data-id=\"4fc1bbee\" data-element_type=\"section\" data-settings=\"{&quot;background_background&quot;:&quot;classic&quot;}\">\n\t\t\t\t\t\t<div class=\"elementor-container elementor-column-gap-default\">\n\t\t\t\t\t<div class=\"elementor-column elementor-col-100 elementor-top-column elementor-element elementor-element-51224a3b\" data-id=\"51224a3b\" data-element_type=\"column\">\n\t\t\t<div class=\"elementor-widget-wrap elementor-element-populated\">\n\t\t\t\t\t\t\t\t<div class=\"elementor-element elementor-element-73bdc80f elementor-widget elementor-widget-text-editor\" data-id=\"73bdc80f\" data-element_type=\"widget\" data-widget_type=\"text-editor.default\">\n\t\t\t\t<div class=\"elementor-widget-container\">\n\t\t\t\t\t<div class=\"elementor-text-editor elementor-clearfix\"><p><!-- wp:heading --><\/p>\n<h3>Site web<\/h3>\n<p><!-- \/wp:heading --><\/p>\n<p><!-- wp:paragraph --><\/p>\n<p>L\u2019adresse de notre site est : http:\/\/www.lacremaillerealpedhuez.com<br \/>Conception et r\u00e9alisation : www.la-mine.com<br \/>Notre site est h\u00e9berg\u00e9 chez OVH SAS &#8211; 2 rue Kellermann &#8211; BP 80157 &#8211; 59100 Roubaix<\/p>\n<p>\u00a0<\/p>\n<p><!-- \/wp:paragraph --><\/p>\n<p><!-- wp:heading --><\/p>\n<h3>Collecte des donn\u00e9es personnelles collect\u00e9es<\/h3>\n<p><!-- \/wp:paragraph --><\/p>\n<p><!-- wp:heading {\"level\":3} --><!-- \/wp:heading --><\/p>\n<p><!-- wp:heading {\"level\":3} --><\/p>\n<p>Lorsque vous visitez notre site, nous collectons automatiquement certaines informations \u00e0 propos de votre appareil, incluant des informations sur votre navigateur web et certains des cookies install\u00e9s sur votre appareil. De plus, lorsque vous naviguez sur le site, nous collectons des informations concernant les pages que vous avez visit\u00e9 ainsi que des informations sur la fa\u00e7on dont vous interagissez avec le site.<\/p>\n<p>Lorsque nous parlons de \u00ab\u00a0donn\u00e9es personnelles\u00a0\u00bb, il s&rsquo;agit d&rsquo;informations \u00e0 propos de votre navigateur et de votre appareil.<\/p>\n<p>\u00a0<\/p>\n<h3>Utilisations vos donn\u00e9es personnelles<\/h3>\n<p>Toutes les donn\u00e9es collect\u00e9es sur ce site, par quelque moyen que ce soit, sont \u00e0 l\u2019usage r\u00e9serv\u00e9 de la Cr\u00e9maill\u00e8re. <br \/>Nous ne diffusons en aucun cas vos donn\u00e9es personnelles. Tous nos cookies expirent automatiquement au bout d\u2019un an.<\/p>\n<p>\u00a0<\/p>\n<p><!-- \/wp:heading --><\/p>\n<p><!-- wp:paragraph --><!-- \/wp:paragraph --><\/p>\n<p><!-- wp:paragraph --><!-- \/wp:paragraph --><\/p>\n<p><!-- wp:paragraph --><!-- \/wp:paragraph --><\/p>\n<p><!-- wp:paragraph --><!-- \/wp:heading --><\/p>\n<p><!-- wp:paragraph --><!-- \/wp:paragraph --><\/p>\n<p><!-- wp:heading --><!-- \/wp:paragraph --><\/p>\n<p><!-- wp:heading --><\/p>\n<h3>Les droits que vous avez sur vos donn\u00e9es<\/h3>\n<p><!-- \/wp:heading --><\/p>\n<p><!-- wp:paragraph --><\/p>\n<p>Vous b\u00e9n\u00e9ficiez cependant d\u2019un droit d\u2019information et de rectification sur les donn\u00e9es vous concernant selon les dispositions de l\u2019article 34 de la loi 78-17 du 6 janvier 1978 sur l\u2019informatique et les libert\u00e9s, pour l\u2019exercer contactez la Cr\u00e9maill\u00e8re.<\/p>\n<p>\u00a0<\/p>\n<h3><strong>Droits d&rsquo;auteur<\/strong><\/h3>\n<p>L\u2019ensemble de ce site rel\u00e8ve de la l\u00e9gislation fran\u00e7aise et internationale sur le droit d\u2019auteur et la propri\u00e9t\u00e9 intellectuelle. Tous les droits de reproduction sont r\u00e9serv\u00e9s, y compris pour les documents t\u00e9l\u00e9chargeables et les repr\u00e9sentations iconographiques et photographiques.<br \/>La reproduction de tout ou partie de ce site sur un support \u00e9lectronique quel qu\u2019il soit est formellement interdite.<\/p>\n<p>\u00a0<\/p>\n<h3><strong>Acc\u00e8s au site<\/strong><\/h3>\n<p>L\u2019utilisateur de ce site reconna\u00eet disposer de la comp\u00e9tence et des moyens n\u00e9cessaires pour acc\u00e9der et utiliser ce site. LF ne saurait \u00eatre tenue responsable des \u00e9l\u00e9ments en dehors de son contr\u00f4le et des dommages qui pourraient \u00e9ventuellement \u00eatre subis par l\u2019environnement technique de l\u2019utilisateur et notamment, ses ordinateurs, logiciels, \u00e9quipements r\u00e9seaux et tout autre mat\u00e9riel utilis\u00e9 pour acc\u00e9der ou utiliser le service et\/ou les informations. Il est rappel\u00e9 que le fait d\u2019acc\u00e9der ou de se maintenir frauduleusement dans un syst\u00e8me informatique, d\u2019entraver ou de fausser le fonctionnement d\u2019un tel syst\u00e8me, d\u2019introduire ou de modifier frauduleusement des donn\u00e9es dans un syst\u00e8me informatique constitue des d\u00e9lits passibles de sanctions p\u00e9nales.<\/p>\n<p><!-- \/wp:heading --><\/p><\/div>\n\t\t\t\t<\/div>\n\t\t\t\t<\/div>\n\t\t\t\t\t<\/div>\n\t\t<\/div>\n\t\t\t\t\t\t\t<\/div>\n\t\t<\/section>\n\t\t\t\t\t\t<\/div>\n\t\t\t\t\t<\/div>","protected":false},"excerpt":{"rendered":"<p>Site web L\u2019adresse de notre site est : http:\/\/www.lacremaillerealpedhuez.comConception et r\u00e9alisation : www.la-mine.comNotre site est h\u00e9berg\u00e9 chez OVH SAS &#8211; 2 rue Kellermann &#8211; BP 80157 &#8211; 59100 Roubaix \u00a0 Collecte des donn\u00e9es personnelles collect\u00e9es Lorsque vous visitez notre site, nous collectons automatiquement certaines informations \u00e0 propos de votre appareil, incluant des informations sur votre [&hellip;]<\/p>","protected":false},"author":1,"featured_media":0,"parent":0,"menu_order":0,"comment_status":"closed","ping_status":"open","template":"","meta":{"footnotes":""},"class_list":["post-3","page","type-page","status-publish","hentry","entry"],"_links":{"self":[{"href":"http:\/\/www.lacremaillerealpedhuez.com\/en\/wp-json\/wp\/v2\/pages\/3","targetHints":{"allow":["GET"]}}],"collection":[{"href":"http:\/\/www.lacremaillerealpedhuez.com\/en\/wp-json\/wp\/v2\/pages"}],"about":[{"href":"http:\/\/www.lacremaillerealpedhuez.com\/en\/wp-json\/wp\/v2\/types\/page"}],"author":[{"embeddable":true,"href":"http:\/\/www.lacremaillerealpedhuez.com\/en\/wp-json\/wp\/v2\/users\/1"}],"replies":[{"embeddable":true,"href":"http:\/\/www.lacremaillerealpedhuez.com\/en\/wp-json\/wp\/v2\/comments?post=3"}],"version-history":[{"count":0,"href":"http:\/\/www.lacremaillerealpedhuez.com\/en\/wp-json\/wp\/v2\/pages\/3\/revisions"}],"wp:attachment":[{"href":"http:\/\/www.lacremaillerealpedhuez.com\/en\/wp-json\/wp\/v2\/media?parent=3"}],"curies":[{"name":"wp","href":"https:\/\/api.w.org\/{rel}","templated":true}]}}