{"id":453,"date":"2021-04-01T18:45:16","date_gmt":"2021-04-01T16:45:16","guid":{"rendered":"http:\/\/www.lacremaillerealpedhuez.com\/?page_id=453"},"modified":"2025-11-25T23:11:03","modified_gmt":"2025-11-25T22:11:03","slug":"contact","status":"publish","type":"page","link":"https:\/\/www.lacremaillerealpedhuez.com\/en\/contact\/","title":{"rendered":"Contact"},"content":{"rendered":"<div data-elementor-type=\"wp-page\" data-elementor-id=\"453\" class=\"elementor elementor-453\" data-elementor-settings=\"[]\">\n\t\t\t\t\t\t\t<div class=\"elementor-section-wrap\">\n\t\t\t\t\t\t\t<section class=\"elementor-section elementor-top-section elementor-element elementor-element-0961a90 elementor-section-full_width elementor-section-stretched elementor-section-height-default elementor-section-height-default\" data-id=\"0961a90\" data-element_type=\"section\" data-settings=\"{&quot;stretch_section&quot;:&quot;section-stretched&quot;,&quot;background_background&quot;:&quot;classic&quot;}\">\n\t\t\t\t\t\t<div class=\"elementor-container elementor-column-gap-wide\">\n\t\t\t\t\t<div class=\"elementor-column elementor-col-50 elementor-top-column elementor-element elementor-element-1ecf9cb\" data-id=\"1ecf9cb\" data-element_type=\"column\">\n\t\t\t<div class=\"elementor-widget-wrap elementor-element-populated\">\n\t\t\t\t\t\t\t\t<div class=\"elementor-element elementor-element-80be126 elementor-widget elementor-widget-image\" data-id=\"80be126\" data-element_type=\"widget\" data-widget_type=\"image.default\">\n\t\t\t\t<div class=\"elementor-widget-container\">\n\t\t\t\t\t<div class=\"elementor-image\">\n\t\t\t\t\t\t\t\t\t\t<img loading=\"lazy\" decoding=\"async\" width=\"62\" height=\"62\" src=\"https:\/\/www.lacremaillerealpedhuez.com\/wp-content\/uploads\/2021\/06\/picto-contact.png\" class=\"attachment-large size-large\" alt=\"pictogramme contact\" \/>\t\t\t\t\t\t\t\t\t\t\t<\/div>\n\t\t\t\t<\/div>\n\t\t\t\t<\/div>\n\t\t\t\t<div class=\"elementor-element elementor-element-dea67dc elementor-widget elementor-widget-heading\" data-id=\"dea67dc\" data-element_type=\"widget\" data-widget_type=\"heading.default\">\n\t\t\t\t<div class=\"elementor-widget-container\">\n\t\t\t<h3 class=\"elementor-heading-title elementor-size-default\">Contact us<\/h3>\t\t<\/div>\n\t\t\t\t<\/div>\n\t\t\t\t<section class=\"elementor-section elementor-inner-section elementor-element elementor-element-5fc2903 elementor-section-boxed elementor-section-height-default elementor-section-height-default\" data-id=\"5fc2903\" data-element_type=\"section\">\n\t\t\t\t\t\t<div class=\"elementor-container elementor-column-gap-default\">\n\t\t\t\t\t<div class=\"elementor-column elementor-col-100 elementor-inner-column elementor-element elementor-element-a732b3d\" data-id=\"a732b3d\" data-element_type=\"column\">\n\t\t\t<div class=\"elementor-widget-wrap elementor-element-populated\">\n\t\t\t\t\t\t\t\t<div class=\"elementor-element elementor-element-e7d4b2a elementor-widget elementor-widget-text-editor\" data-id=\"e7d4b2a\" data-element_type=\"widget\" data-widget_type=\"text-editor.default\">\n\t\t\t\t<div class=\"elementor-widget-container\">\n\t\t\t\t\t<div class=\"elementor-text-editor elementor-clearfix\"><p><strong>La Cr\u00e9maill\u00e8re&nbsp;<\/strong><\/p>\n<p>1142 Route d\u2019Huez, 38750 Huez<\/p>\n<p><span style=\"font-size: 14.4px; color: var( --e-global-color-text ); background-color: var( --e-global-color-primary );\">06 51 50 08 28. R\u00e9<\/span><span style=\"font-size: 14.4px; color: var( --e-global-color-text ); background-color: var( --e-global-color-primary );\">servation<\/span><span style=\"font-size: 14.4px; color: var( --e-global-color-text ); background-color: var( --e-global-color-primary );\">&nbsp;sur whatsapp par \u00e9crit uniquement.<\/span><\/p>\n<p><b>Ouverture le 4 D\u00e9cembre \u00e0 19H<\/b><\/p>\n<p><b>Ferm\u00e9 le Lundi&nbsp;<\/b><\/p><\/div>\n\t\t\t\t<\/div>\n\t\t\t\t<\/div>\n\t\t\t\t\t<\/div>\n\t\t<\/div>\n\t\t\t\t\t\t\t<\/div>\n\t\t<\/section>\n\t\t\t\t<section class=\"elementor-section elementor-inner-section elementor-element elementor-element-378f8b4 elementor-section-boxed elementor-section-height-default elementor-section-height-default\" data-id=\"378f8b4\" data-element_type=\"section\">\n\t\t\t\t\t\t<div class=\"elementor-container elementor-column-gap-default\">\n\t\t\t\t\t<div class=\"elementor-column elementor-col-20 elementor-inner-column elementor-element elementor-element-e7f082a\" data-id=\"e7f082a\" data-element_type=\"column\">\n\t\t\t<div class=\"elementor-widget-wrap elementor-element-populated\">\n\t\t\t\t\t\t\t\t<div class=\"elementor-element elementor-element-628dc2a elementor-widget elementor-widget-ee-inline-svg\" data-id=\"628dc2a\" data-element_type=\"widget\" data-settings=\"{&quot;svg&quot;:{&quot;url&quot;:&quot;https:\\\/\\\/www.lacremaillerealpedhuez.com\\\/wp-content\\\/uploads\\\/2021\\\/04\\\/Icones-RS_Plan-de-travail-1.svg&quot;,&quot;id&quot;:1614,&quot;alt&quot;:&quot;Icone Facebook&quot;,&quot;source&quot;:&quot;library&quot;},&quot;override_colors&quot;:&quot;yes&quot;,&quot;link&quot;:{&quot;url&quot;:&quot;https:\\\/\\\/www.facebook.com\\\/lacremaillere.resto&quot;,&quot;is_external&quot;:&quot;on&quot;,&quot;nofollow&quot;:&quot;&quot;,&quot;custom_attributes&quot;:&quot;&quot;},&quot;maintain_ratio&quot;:&quot;yes&quot;,&quot;remove_inline_css&quot;:&quot;yes&quot;}\" data-widget_type=\"ee-inline-svg.default\">\n\t\t\t\t<div class=\"elementor-widget-container\">\n\t\t\t<div class=\"ee-inline-svg-wrapper\">\n\t\t\t<a class=\"ee-inline-svg\" data-url=\"https:\/\/www.lacremaillerealpedhuez.com\/wp-content\/uploads\/2021\/04\/Icones-RS_Plan-de-travail-1.svg\" href=\"https:\/\/www.facebook.com\/lacremaillere.resto\" target=\"_blank\"><\/a>\n\t\t<\/div>\t\t<\/div>\n\t\t\t\t<\/div>\n\t\t\t\t\t<\/div>\n\t\t<\/div>\n\t\t\t\t<div class=\"elementor-column elementor-col-20 elementor-inner-column elementor-element elementor-element-a2767b3\" data-id=\"a2767b3\" data-element_type=\"column\">\n\t\t\t<div class=\"elementor-widget-wrap elementor-element-populated\">\n\t\t\t\t\t\t\t\t<div class=\"elementor-element elementor-element-47e626c elementor-widget elementor-widget-ee-inline-svg\" data-id=\"47e626c\" data-element_type=\"widget\" data-settings=\"{&quot;svg&quot;:{&quot;url&quot;:&quot;https:\\\/\\\/www.lacremaillerealpedhuez.com\\\/wp-content\\\/uploads\\\/2021\\\/04\\\/Icones-RS_Plan-de-travail-1-copie-2.svg&quot;,&quot;id&quot;:1616,&quot;alt&quot;:&quot;icone instagram&quot;,&quot;source&quot;:&quot;library&quot;},&quot;link&quot;:{&quot;url&quot;:&quot;https:\\\/\\\/www.instagram.com\\\/lacremaillere_alpedhuez\\\/&quot;,&quot;is_external&quot;:&quot;on&quot;,&quot;nofollow&quot;:&quot;&quot;,&quot;custom_attributes&quot;:&quot;&quot;},&quot;override_colors&quot;:&quot;yes&quot;,&quot;maintain_ratio&quot;:&quot;yes&quot;,&quot;remove_inline_css&quot;:&quot;yes&quot;}\" data-widget_type=\"ee-inline-svg.default\">\n\t\t\t\t<div class=\"elementor-widget-container\">\n\t\t\t<div class=\"ee-inline-svg-wrapper\">\n\t\t\t<a class=\"ee-inline-svg\" data-url=\"https:\/\/www.lacremaillerealpedhuez.com\/wp-content\/uploads\/2021\/04\/Icones-RS_Plan-de-travail-1-copie-2.svg\" href=\"https:\/\/www.instagram.com\/lacremaillere_alpedhuez\/\" target=\"_blank\"><\/a>\n\t\t<\/div>\t\t<\/div>\n\t\t\t\t<\/div>\n\t\t\t\t\t<\/div>\n\t\t<\/div>\n\t\t\t\t<div class=\"elementor-column elementor-col-20 elementor-inner-column elementor-element elementor-element-26b3d80\" data-id=\"26b3d80\" data-element_type=\"column\">\n\t\t\t<div class=\"elementor-widget-wrap elementor-element-populated\">\n\t\t\t\t\t\t\t\t<div class=\"elementor-element elementor-element-d9857e5 elementor-widget elementor-widget-ee-inline-svg\" data-id=\"d9857e5\" data-element_type=\"widget\" data-settings=\"{&quot;svg&quot;:{&quot;url&quot;:&quot;https:\\\/\\\/www.lacremaillerealpedhuez.com\\\/wp-content\\\/uploads\\\/2021\\\/04\\\/Icones-trip_Plan-de-travail-1-copie.svg&quot;,&quot;id&quot;:1619,&quot;alt&quot;:&quot;&quot;,&quot;source&quot;:&quot;library&quot;},&quot;link&quot;:{&quot;url&quot;:&quot;https:\\\/\\\/www.tripadvisor.fr\\\/Restaurant_Review-g196704-d3681660-Reviews-La_Cremaillere-L_Alpe_d_Huez_Isere_Auvergne_Rhone_Alpes.html&quot;,&quot;is_external&quot;:&quot;on&quot;,&quot;nofollow&quot;:&quot;&quot;,&quot;custom_attributes&quot;:&quot;&quot;},&quot;override_colors&quot;:&quot;yes&quot;,&quot;maintain_ratio&quot;:&quot;yes&quot;,&quot;remove_inline_css&quot;:&quot;yes&quot;}\" data-widget_type=\"ee-inline-svg.default\">\n\t\t\t\t<div class=\"elementor-widget-container\">\n\t\t\t<div class=\"ee-inline-svg-wrapper\">\n\t\t\t<a class=\"ee-inline-svg\" data-url=\"https:\/\/www.lacremaillerealpedhuez.com\/wp-content\/uploads\/2021\/04\/Icones-trip_Plan-de-travail-1-copie.svg\" href=\"https:\/\/www.tripadvisor.fr\/Restaurant_Review-g196704-d3681660-Reviews-La_Cremaillere-L_Alpe_d_Huez_Isere_Auvergne_Rhone_Alpes.html\" target=\"_blank\"><\/a>\n\t\t<\/div>\t\t<\/div>\n\t\t\t\t<\/div>\n\t\t\t\t\t<\/div>\n\t\t<\/div>\n\t\t\t\t<div class=\"elementor-column elementor-col-20 elementor-inner-column elementor-element elementor-element-8e11056\" data-id=\"8e11056\" data-element_type=\"column\">\n\t\t\t<div class=\"elementor-widget-wrap elementor-element-populated\">\n\t\t\t\t\t\t\t\t<div class=\"elementor-element elementor-element-e23069d elementor-widget elementor-widget-ee-inline-svg\" data-id=\"e23069d\" data-element_type=\"widget\" data-settings=\"{&quot;svg&quot;:{&quot;url&quot;:&quot;https:\\\/\\\/www.lacremaillerealpedhuez.com\\\/wp-content\\\/uploads\\\/2021\\\/06\\\/whatsapp_Plan-de-travail-1-copie.svg&quot;,&quot;id&quot;:2403,&quot;alt&quot;:&quot;icone Whatsapp&quot;,&quot;source&quot;:&quot;library&quot;},&quot;link&quot;:{&quot;url&quot;:&quot;https:\\\/\\\/api.whatsapp.com\\\/send?phone=330651500828&quot;,&quot;is_external&quot;:&quot;on&quot;,&quot;nofollow&quot;:&quot;&quot;,&quot;custom_attributes&quot;:&quot;&quot;},&quot;override_colors&quot;:&quot;yes&quot;,&quot;maintain_ratio&quot;:&quot;yes&quot;,&quot;remove_inline_css&quot;:&quot;yes&quot;}\" data-widget_type=\"ee-inline-svg.default\">\n\t\t\t\t<div class=\"elementor-widget-container\">\n\t\t\t<div class=\"ee-inline-svg-wrapper\">\n\t\t\t<a class=\"ee-inline-svg\" data-url=\"https:\/\/www.lacremaillerealpedhuez.com\/wp-content\/uploads\/2021\/06\/whatsapp_Plan-de-travail-1-copie.svg\" href=\"https:\/\/api.whatsapp.com\/send?phone=330651500828\" target=\"_blank\"><\/a>\n\t\t<\/div>\t\t<\/div>\n\t\t\t\t<\/div>\n\t\t\t\t\t<\/div>\n\t\t<\/div>\n\t\t\t\t<div class=\"elementor-column elementor-col-20 elementor-inner-column elementor-element elementor-element-9fac682\" data-id=\"9fac682\" data-element_type=\"column\">\n\t\t\t<div class=\"elementor-widget-wrap\">\n\t\t\t\t\t\t\t\t\t<\/div>\n\t\t<\/div>\n\t\t\t\t\t\t\t<\/div>\n\t\t<\/section>\n\t\t\t\t\t<\/div>\n\t\t<\/div>\n\t\t\t\t<div class=\"elementor-column elementor-col-50 elementor-top-column elementor-element elementor-element-d177c01\" data-id=\"d177c01\" data-element_type=\"column\">\n\t\t\t<div class=\"elementor-widget-wrap elementor-element-populated\">\n\t\t\t\t\t\t\t\t<div class=\"elementor-element elementor-element-dc790d5 elementor-widget elementor-widget-google_maps\" data-id=\"dc790d5\" data-element_type=\"widget\" data-widget_type=\"google_maps.default\">\n\t\t\t\t<div class=\"elementor-widget-container\">\n\t\t\t<div class=\"elementor-custom-embed\"><iframe frameborder=\"0\" scrolling=\"no\" marginheight=\"0\" marginwidth=\"0\" src=\"https:\/\/maps.google.com\/maps?q=1142%20Route%20d%27Huez%2C%2038750%20Huez&amp;t=m&amp;z=10&amp;output=embed&amp;iwloc=near\" title=\"1142 Route d&#039;Huez, 38750 Huez\" aria-label=\"1142 Route d&#039;Huez, 38750 Huez\"><\/iframe><\/div>\t\t<\/div>\n\t\t\t\t<\/div>\n\t\t\t\t\t<\/div>\n\t\t<\/div>\n\t\t\t\t\t\t\t<\/div>\n\t\t<\/section>\n\t\t\t\t\t\t<\/div>\n\t\t\t\t\t<\/div>","protected":false},"excerpt":{"rendered":"<p>Nous contacter La Cr\u00e9maill\u00e8re&nbsp; 1142 Route d\u2019Huez, 38750 Huez 06 51 50 08 28. R\u00e9servation&nbsp;sur whatsapp par \u00e9crit uniquement. Ouverture le 4 D\u00e9cembre \u00e0 19H Ferm\u00e9 le Lundi&nbsp;<\/p>","protected":false},"author":1,"featured_media":0,"parent":0,"menu_order":0,"comment_status":"closed","ping_status":"closed","template":"","meta":{"footnotes":""},"class_list":["post-453","page","type-page","status-publish","hentry","entry"],"_links":{"self":[{"href":"https:\/\/www.lacremaillerealpedhuez.com\/en\/wp-json\/wp\/v2\/pages\/453","targetHints":{"allow":["GET"]}}],"collection":[{"href":"https:\/\/www.lacremaillerealpedhuez.com\/en\/wp-json\/wp\/v2\/pages"}],"about":[{"href":"https:\/\/www.lacremaillerealpedhuez.com\/en\/wp-json\/wp\/v2\/types\/page"}],"author":[{"embeddable":true,"href":"https:\/\/www.lacremaillerealpedhuez.com\/en\/wp-json\/wp\/v2\/users\/1"}],"replies":[{"embeddable":true,"href":"https:\/\/www.lacremaillerealpedhuez.com\/en\/wp-json\/wp\/v2\/comments?post=453"}],"version-history":[{"count":24,"href":"https:\/\/www.lacremaillerealpedhuez.com\/en\/wp-json\/wp\/v2\/pages\/453\/revisions"}],"predecessor-version":[{"id":6543,"href":"https:\/\/www.lacremaillerealpedhuez.com\/en\/wp-json\/wp\/v2\/pages\/453\/revisions\/6543"}],"wp:attachment":[{"href":"https:\/\/www.lacremaillerealpedhuez.com\/en\/wp-json\/wp\/v2\/media?parent=453"}],"curies":[{"name":"wp","href":"https:\/\/api.w.org\/{rel}","templated":true}]}}